{"id":12810,"date":"2025-06-19T09:47:49","date_gmt":"2025-06-19T09:47:49","guid":{"rendered":"https:\/\/maisonmpi.com\/shop\/?post_type=product&#038;p=12810"},"modified":"2025-06-19T09:47:50","modified_gmt":"2025-06-19T09:47:50","slug":"carte-graphique-4gb-gddr5-gtx_1050ti","status":"publish","type":"product","link":"https:\/\/maisonmpi.com\/shop\/produit\/carte-graphique-4gb-gddr5-gtx_1050ti\/","title":{"rendered":"CARTE GRAPHIQUE 4GB GDDR5 (GTX_1050TI)"},"content":{"rendered":"<table class=\"table-auto w-full font-light\">\n<tbody>\n<tr class=\"odd:bg-neutral-100 odd:dark:bg-neutral-800\">\n<td class=\"px-2 py-1 md:w-1\/3\">Mod\u00e8le<\/td>\n<td class=\"px-2 py-1\">Nvidia GeForce GTX 1050 Ti<\/td>\n<\/tr>\n<tr class=\"odd:bg-neutral-100 odd:dark:bg-neutral-800\">\n<td class=\"px-2 py-1 md:w-1\/3\">Fr\u00e9quence de base GPU<\/td>\n<td class=\"px-2 py-1\">1342 MHz<\/td>\n<\/tr>\n<\/tbody>\n<thead>\n<tr>\n<th class=\"pt-5 pb-2 text-left text-lg font-light uppercase tracking-widest\" colspan=\"2\">M\u00e9moire Vid\u00e9o<\/th>\n<\/tr>\n<\/thead>\n<tbody>\n<tr class=\"odd:bg-neutral-100 odd:dark:bg-neutral-800\">\n<td class=\"px-2 py-1 md:w-1\/3\">M\u00e9moire vive<\/td>\n<td class=\"px-2 py-1\">4 Go<\/td>\n<\/tr>\n<tr class=\"odd:bg-neutral-100 odd:dark:bg-neutral-800\">\n<td class=\"px-2 py-1 md:w-1\/3\">Type de m\u00e9moire<\/td>\n<td class=\"px-2 py-1\">GDDR5<\/td>\n<\/tr>\n<tr class=\"odd:bg-neutral-100 odd:dark:bg-neutral-800\">\n<td class=\"px-2 py-1 md:w-1\/3\">Fr\u00e9quence m\u00e9moire<\/td>\n<td class=\"px-2 py-1\">1752 MHz<\/td>\n<\/tr>\n<tr class=\"odd:bg-neutral-100 odd:dark:bg-neutral-800\">\n<td class=\"px-2 py-1 md:w-1\/3\">Largeur du bus m\u00e9moire<\/td>\n<td class=\"px-2 py-1\">128 bits<\/td>\n<\/tr>\n<\/tbody>\n<thead>\n<tr>\n<th class=\"pt-5 pb-2 text-left text-lg font-light uppercase tracking-widest\" colspan=\"2\">Design<\/th>\n<\/tr>\n<\/thead>\n<tbody>\n<tr class=\"odd:bg-neutral-100 odd:dark:bg-neutral-800\">\n<td class=\"px-2 py-1 md:w-1\/3\">Interface<\/td>\n<td class=\"px-2 py-1\">PCIe 3.0 x16<\/td>\n<\/tr>\n<tr class=\"odd:bg-neutral-100 odd:dark:bg-neutral-800\">\n<td class=\"px-2 py-1 md:w-1\/3\">Syst\u00e8me de refroidissement<\/td>\n<td class=\"px-2 py-1\">Actif<\/td>\n<\/tr>\n<tr class=\"odd:bg-neutral-100 odd:dark:bg-neutral-800\">\n<td class=\"px-2 py-1 md:w-1\/3\">Nombre de baies occup\u00e9es<\/td>\n<td class=\"px-2 py-1\">2<\/td>\n<\/tr>\n<tr class=\"odd:bg-neutral-100 odd:dark:bg-neutral-800\">\n<td class=\"px-2 py-1 md:w-1\/3\">Longueur<\/td>\n<td class=\"px-2 py-1\">16.5 cm<\/td>\n<\/tr>\n<\/tbody>\n<thead>\n<tr>\n<th class=\"pt-5 pb-2 text-left text-lg font-light uppercase tracking-widest\" colspan=\"2\">Connectivit\u00e9<\/th>\n<\/tr>\n<\/thead>\n<tbody>\n<tr class=\"odd:bg-neutral-100 odd:dark:bg-neutral-800\">\n<td class=\"px-2 py-1 md:w-1\/3\">DVI<\/td>\n<td class=\"px-2 py-1\">1<\/td>\n<\/tr>\n<\/tbody>\n<thead>\n<tr>\n<th class=\"pt-5 pb-2 text-left text-lg font-light uppercase tracking-widest\" colspan=\"2\">Accessoires<\/th>\n<\/tr>\n<\/thead>\n<tbody>\n<tr class=\"odd:bg-neutral-100 odd:dark:bg-neutral-800\">\n<td class=\"px-2 py-1 md:w-1\/3\">Bundle logiciel<\/td>\n<td class=\"px-2 py-1\">Non<\/td>\n<\/tr>\n<tr class=\"odd:bg-neutral-100 odd:dark:bg-neutral-800\">\n<td class=\"px-2 py-1 md:w-1\/3\">C\u00e2ble d\u00e9doubleur alimentation<\/td>\n<td class=\"px-2 py-1\">Non<\/td>\n<\/tr>\n<\/tbody>\n<\/table>\n","protected":false},"excerpt":{"rendered":"<p>La\u00a0<b>MSI GeForce GTX 1050 Ti 4G OC<\/b>\u00a0est une carte graphique d&rsquo;entr\u00e9e de gamme derni\u00e8re g\u00e9n\u00e9ration. Version am\u00e9lior\u00e9e de la GTX 1050, ce n&rsquo;est pas un foudre de guerre apte \u00e0 jouer \u00e0 tous les jeux AAA, \u00e0 fond et en 4K. Cependant, en Full HD, elle se d\u00e9fend.<\/p>\n","protected":false},"featured_media":12811,"template":"","meta":[],"product_brand":[],"product_cat":[344,303],"product_tag":[],"class_list":{"0":"post-12810","1":"product","2":"type-product","3":"status-publish","4":"has-post-thumbnail","6":"product_cat-appareils-photo-cameras","7":"product_cat-autres-accesoires","9":"first","10":"instock","11":"taxable","12":"shipping-taxable","13":"purchasable","14":"product-type-simple"},"_links":{"self":[{"href":"https:\/\/maisonmpi.com\/shop\/wp-json\/wp\/v2\/product\/12810","targetHints":{"allow":["GET"]}}],"collection":[{"href":"https:\/\/maisonmpi.com\/shop\/wp-json\/wp\/v2\/product"}],"about":[{"href":"https:\/\/maisonmpi.com\/shop\/wp-json\/wp\/v2\/types\/product"}],"version-history":[{"count":1,"href":"https:\/\/maisonmpi.com\/shop\/wp-json\/wp\/v2\/product\/12810\/revisions"}],"predecessor-version":[{"id":12812,"href":"https:\/\/maisonmpi.com\/shop\/wp-json\/wp\/v2\/product\/12810\/revisions\/12812"}],"wp:featuredmedia":[{"embeddable":true,"href":"https:\/\/maisonmpi.com\/shop\/wp-json\/wp\/v2\/media\/12811"}],"wp:attachment":[{"href":"https:\/\/maisonmpi.com\/shop\/wp-json\/wp\/v2\/media?parent=12810"}],"wp:term":[{"taxonomy":"product_brand","embeddable":true,"href":"https:\/\/maisonmpi.com\/shop\/wp-json\/wp\/v2\/product_brand?post=12810"},{"taxonomy":"product_cat","embeddable":true,"href":"https:\/\/maisonmpi.com\/shop\/wp-json\/wp\/v2\/product_cat?post=12810"},{"taxonomy":"product_tag","embeddable":true,"href":"https:\/\/maisonmpi.com\/shop\/wp-json\/wp\/v2\/product_tag?post=12810"}],"curies":[{"name":"wp","href":"https:\/\/api.w.org\/{rel}","templated":true}]}}