{"id":12820,"date":"2025-06-19T10:05:00","date_gmt":"2025-06-19T10:05:00","guid":{"rendered":"https:\/\/maisonmpi.com\/shop\/?post_type=product&#038;p=12820"},"modified":"2025-06-19T10:05:05","modified_gmt":"2025-06-19T10:05:05","slug":"repetiteur-hdtv-1080p-3d-4-port-repetiteur_hd-tv_1080p_3d","status":"publish","type":"product","link":"https:\/\/maisonmpi.com\/shop\/produit\/repetiteur-hdtv-1080p-3d-4-port-repetiteur_hd-tv_1080p_3d\/","title":{"rendered":"REPETITEUR HDTV 1080P 3D 4  PORT (REPETITEUR_HD  TV_1080P_3D)"},"content":{"rendered":"<p>Ultra HD 4K 4 Port HDMI Splitter 1&#215;4 Amplificateur r\u00e9p\u00e9teur 1080P 3D Hub 1 Dans 4<\/p>\n<p>4 Port HDMI Switcher peut distribuer de mani\u00e8re fiable une seule source HDMI \u00e0 deux synchronizedoutputs. sorties plus peuvent \u00eatre cr\u00e9\u00e9s en cascade plusieurs s\u00e9parateurs. Id\u00e9al pour la mise en place de divertissement vid\u00e9o HD ou affiche d&rsquo;information dans les bureaux, les centres commerciaux, salles de conf\u00e9rence, des \u00e9coles et des centres de formation.<\/p>\n<p>Ce commutateur HDMI prend en charge tous les formats HD, id\u00e9al pour les formats audio num\u00e9riques soutien \u00e0 domicile compress\u00e9s et non compress\u00e9s, y compris DTS-HD, Dolby True HD et LPCM7.<\/p>\n<p>1 Prise en charge HDCP, 8bit par canal (24bit tous les canaux) couleur profonde. Compatible 3D (Si vos appareils prennent en charge 3D). Appuyer la r\u00e9solution de 4Kx2K. HDMI Version: V1.4b.<\/p>\n<p>Soutien d\u00e9bit de donn\u00e9es 3.2GB pour l&rsquo;horloge TMDS jusqu&rsquo;\u00e0 320MHz. Soutenir plusieurs sources d&rsquo;entr\u00e9e haute d\u00e9finition, tels que la Xbox 360, Xbox One, PS3, PS4, HDTV, STB, Blu-Ray, DVD, Beamer, r\u00e9cepteur DVB, TFT Moniteur, etc. Sp\u00e9cifications: Type de p\u00e9riph\u00e9rique: 1&#215;4 Splitter HDMI Entr\u00e9e vid\u00e9o Signal: 0,5-1,0 volts pp Entr\u00e9e DDC Signal: 5 volts pp (TTL) Alimentation: DC 5V \/ 2A version HDMI: 1.4b Max Single Link Gamme: 1920&#215;1080, 1080P, 3D 1080P \/ 24Hz \/ 4K R\u00e9solution HDMI: 480i \/ 576i \/ 480p576p \/ 720p1080i \/ 1080p \/ 4K Temp\u00e9rature de fonctionnement: -15 ~ +55 Max. C\u00e2ble d&rsquo;extension: 15 m AWG26 C\u00e2ble HDMI standard Adaptateur secteur: Entr\u00e9e: AC (50 Hz, 60 Hz) 100V-240V; Sortie: DC5V 2A Temp\u00e9rature de fonctionnement: -15 ~ +55 Dimension: 65 * 62 * 22mm (2,55 * 2,44 * 0.87inch) couleur: Noir paquet: 1 x HDMI Splitter 4 ports 1 x adaptateur d&rsquo;alimentation. 1 x Manuel d&rsquo;utilisation. 4b Max Single Link Plage: 1920&#215;1080, 1080P, 3D 1080P \/ 24Hz \/ 4K R\u00e9solution HDMI: 480i \/ 576i \/ 480p576p \/ 720p1080i \/ 1080p \/ 4K<\/p>\n<p>Temp\u00e9rature de fonctionnement: -15 ~ +55 Max. C\u00e2ble d&rsquo;extension: 15 m AWG26 C\u00e2ble HDMI standard Adaptateur secteur: Entr\u00e9e: AC (50 Hz, 60 Hz) 100V-240V; Sortie: DC5V 2A Temp\u00e9rature de fonctionnement: -15 ~ +55 Dimension: 65 * 62 * 22mm (2,55 * 2,44 * 0.87inch) couleur: Noir paquet: 1 x HDMI Splitter 4 ports 1 x adaptateur d&rsquo;alimentation. 1 x Manuel d&rsquo;utilisation. 4b Max Single Link Plage: 1920&#215;1080, 1080P, 3D 1080P \/ 24Hz \/ 4K R\u00e9solution HDMI: 480i \/ 576i \/ 480p576p \/ 720p1080i \/ 1080p \/ 4K Temp\u00e9rature de fonctionnement: -15 ~ +55 Max. C\u00e2ble d&rsquo;extension: 15 m AWG26 C\u00e2ble HDMI standard Adaptateur secteur: Entr\u00e9e: AC (50 Hz, 60 Hz) 100V-240V; Sortie: DC5V 2A Temp\u00e9rature de fonctionnement: -15 ~ +55 Dimension: 65 * 62 * 22mm (2,55 * 2,44 * 0.87inch) couleur: Noir paquet: 1 x HDMI Splitter 4 ports 1 x adaptateur d&rsquo;alimentation. 1 x Manuel d&rsquo;utilisation.<\/p>\n","protected":false},"excerpt":{"rendered":"<p>4 Port HDMI<\/p>\n","protected":false},"featured_media":12821,"template":"","meta":[],"product_brand":[],"product_cat":[303],"product_tag":[],"class_list":{"0":"post-12820","1":"product","2":"type-product","3":"status-publish","4":"has-post-thumbnail","6":"product_cat-autres-accesoires","8":"first","9":"instock","10":"taxable","11":"shipping-taxable","12":"purchasable","13":"product-type-simple"},"_links":{"self":[{"href":"https:\/\/maisonmpi.com\/shop\/wp-json\/wp\/v2\/product\/12820","targetHints":{"allow":["GET"]}}],"collection":[{"href":"https:\/\/maisonmpi.com\/shop\/wp-json\/wp\/v2\/product"}],"about":[{"href":"https:\/\/maisonmpi.com\/shop\/wp-json\/wp\/v2\/types\/product"}],"version-history":[{"count":2,"href":"https:\/\/maisonmpi.com\/shop\/wp-json\/wp\/v2\/product\/12820\/revisions"}],"predecessor-version":[{"id":12824,"href":"https:\/\/maisonmpi.com\/shop\/wp-json\/wp\/v2\/product\/12820\/revisions\/12824"}],"wp:featuredmedia":[{"embeddable":true,"href":"https:\/\/maisonmpi.com\/shop\/wp-json\/wp\/v2\/media\/12821"}],"wp:attachment":[{"href":"https:\/\/maisonmpi.com\/shop\/wp-json\/wp\/v2\/media?parent=12820"}],"wp:term":[{"taxonomy":"product_brand","embeddable":true,"href":"https:\/\/maisonmpi.com\/shop\/wp-json\/wp\/v2\/product_brand?post=12820"},{"taxonomy":"product_cat","embeddable":true,"href":"https:\/\/maisonmpi.com\/shop\/wp-json\/wp\/v2\/product_cat?post=12820"},{"taxonomy":"product_tag","embeddable":true,"href":"https:\/\/maisonmpi.com\/shop\/wp-json\/wp\/v2\/product_tag?post=12820"}],"curies":[{"name":"wp","href":"https:\/\/api.w.org\/{rel}","templated":true}]}}