{"id":12825,"date":"2025-06-19T10:12:13","date_gmt":"2025-06-19T10:12:13","guid":{"rendered":"https:\/\/maisonmpi.com\/shop\/?post_type=product&#038;p=12825"},"modified":"2025-06-19T10:12:14","modified_gmt":"2025-06-19T10:12:14","slug":"repetiteur-hd-3d-4k-digital-14-2port-repetiteur_hd-_3d","status":"publish","type":"product","link":"https:\/\/maisonmpi.com\/shop\/produit\/repetiteur-hd-3d-4k-digital-14-2port-repetiteur_hd-_3d\/","title":{"rendered":"REPETITEUR HD 3D 4K DIGITAL  1*4 2PORT (REPETITEUR_HD  _3D )"},"content":{"rendered":"<table class=\"table table--fpDescTb\" role=\"table\" aria-label=\"Caract\u00e9ristiques du produit\">\n<tbody class=\"table__body\" role=\"rowgroup\">\n<tr class=\"table__row\" role=\"row\">\n<th class=\"table__cell\" role=\"cell\" scope=\"row\"><\/th>\n<td class=\"table__cell\" role=\"cell\"><\/td>\n<\/tr>\n<tr class=\"table__row\" role=\"row\">\n<th class=\"table__cell\" role=\"cell\" scope=\"row\">Nom du produit<\/th>\n<td class=\"table__cell\" role=\"cell\">R\u00e9p\u00e9titeur&#8211;R\u00e9partiteur HD 4K, 1&#215;4 ports 3D UHD, 1080p, 4K x 2K, vid\u00e9o HDMI, commutateur compatible, 1 entr\u00e9e, 4 sorties, amplifi<\/td>\n<\/tr>\n<tr class=\"table__row\" role=\"row\">\n<th class=\"table__cell\" role=\"cell\" scope=\"row\">Cat\u00e9gorie<\/th>\n<td class=\"table__cell\" role=\"cell\">COMMUTATEUR TV &#8211; REPARTITEUR TV &#8211; CONVERTISSEUR TV<\/td>\n<\/tr>\n<\/tbody>\n<\/table>\n","protected":false},"excerpt":{"rendered":"<p>R\u00e9partiteur HD 4K, 1&#215;4 ports 3D UHD, 1080p, 4K x 2K, vid\u00e9o HDMI, commutateur compatible, 1 entr\u00e9e, 4 sorties, amplificateur r\u00e9p\u00e9teur HUB. La livraison r\u00e9elle est soumise \u00e0 la premi\u00e8re photo,en raison d&rsquo;un trop grand nombre de styles,les autres images sont \u00e0 titre indicatif uniquement.<\/p>\n","protected":false},"featured_media":12826,"template":"","meta":[],"product_brand":[],"product_cat":[303],"product_tag":[],"class_list":{"0":"post-12825","1":"product","2":"type-product","3":"status-publish","4":"has-post-thumbnail","6":"product_cat-autres-accesoires","8":"first","9":"instock","10":"taxable","11":"shipping-taxable","12":"purchasable","13":"product-type-simple"},"_links":{"self":[{"href":"https:\/\/maisonmpi.com\/shop\/wp-json\/wp\/v2\/product\/12825","targetHints":{"allow":["GET"]}}],"collection":[{"href":"https:\/\/maisonmpi.com\/shop\/wp-json\/wp\/v2\/product"}],"about":[{"href":"https:\/\/maisonmpi.com\/shop\/wp-json\/wp\/v2\/types\/product"}],"version-history":[{"count":2,"href":"https:\/\/maisonmpi.com\/shop\/wp-json\/wp\/v2\/product\/12825\/revisions"}],"predecessor-version":[{"id":12828,"href":"https:\/\/maisonmpi.com\/shop\/wp-json\/wp\/v2\/product\/12825\/revisions\/12828"}],"wp:featuredmedia":[{"embeddable":true,"href":"https:\/\/maisonmpi.com\/shop\/wp-json\/wp\/v2\/media\/12826"}],"wp:attachment":[{"href":"https:\/\/maisonmpi.com\/shop\/wp-json\/wp\/v2\/media?parent=12825"}],"wp:term":[{"taxonomy":"product_brand","embeddable":true,"href":"https:\/\/maisonmpi.com\/shop\/wp-json\/wp\/v2\/product_brand?post=12825"},{"taxonomy":"product_cat","embeddable":true,"href":"https:\/\/maisonmpi.com\/shop\/wp-json\/wp\/v2\/product_cat?post=12825"},{"taxonomy":"product_tag","embeddable":true,"href":"https:\/\/maisonmpi.com\/shop\/wp-json\/wp\/v2\/product_tag?post=12825"}],"curies":[{"name":"wp","href":"https:\/\/api.w.org\/{rel}","templated":true}]}}