{"id":12894,"date":"2025-12-11T11:51:11","date_gmt":"2025-12-11T11:51:11","guid":{"rendered":"https:\/\/maisonmpi.com\/shop\/?post_type=product&#038;p=12894"},"modified":"2025-12-11T11:51:14","modified_gmt":"2025-12-11T11:51:14","slug":"lenovo-ideapad-slim-3-14iru8-82x6004que","status":"publish","type":"product","link":"https:\/\/maisonmpi.com\/shop\/produit\/lenovo-ideapad-slim-3-14iru8-82x6004que\/","title":{"rendered":"Lenovo IdeaPad Slim 3 14IRU8 (82X6004QUE)"},"content":{"rendered":"<table class=\"group-features c-box\" data-v-3a42ccc7=\"\">\n<tbody class=\"columns is-multiline is-mobile\" data-v-3a42ccc7=\"\">\n<tr class=\"feature column is-3-desktop is-3-tablet is-6-mobile\" data-v-3a42ccc7=\"\">\n<th class=\"is-small content is-marginless is-clear-grey has-text-weight-bold\" data-v-3a42ccc7=\"\">Type de produit<\/th>\n<td data-v-3a42ccc7=\"\">Ordinateur portable<\/td>\n<\/tr>\n<tr class=\"feature column is-3-desktop is-3-tablet is-6-mobile\" data-v-3a42ccc7=\"\">\n<th class=\"is-small content is-marginless is-clear-grey has-text-weight-bold\" data-v-3a42ccc7=\"\">Couleur du produit<\/th>\n<td data-v-3a42ccc7=\"\">Gris<\/td>\n<\/tr>\n<tr class=\"feature column is-3-desktop is-3-tablet is-6-mobile\" data-v-3a42ccc7=\"\">\n<th class=\"is-small content is-marginless is-clear-grey has-text-weight-bold\" data-v-3a42ccc7=\"\">Format<\/th>\n<td data-v-3a42ccc7=\"\">Clapet<\/td>\n<\/tr>\n<tr class=\"feature column is-3-desktop is-3-tablet is-6-mobile\" data-v-3a42ccc7=\"\">\n<th class=\"is-small content is-marginless is-clear-grey has-text-weight-bold\" data-v-3a42ccc7=\"\">Nom de la couleur<\/th>\n<td data-v-3a42ccc7=\"\">Arctic Grey<\/td>\n<\/tr>\n<tr class=\"feature column is-3-desktop is-3-tablet is-6-mobile\" data-v-3a42ccc7=\"\">\n<th class=\"is-small content is-marginless is-clear-grey has-text-weight-bold\" data-v-3a42ccc7=\"\">Mat\u00e9riau du bo\u00eetier\/corps<\/th>\n<td data-v-3a42ccc7=\"\">Acrylonitrile butadiene styrene (ABS),Polycarbonate (PC)<\/td>\n<\/tr>\n<\/tbody>\n<\/table>\n<table class=\"group-features c-box\" data-v-3a42ccc7=\"\">\n<tbody class=\"columns is-multiline is-mobile\" data-v-3a42ccc7=\"\">\n<tr class=\"feature column is-3-desktop is-3-tablet is-6-mobile\" data-v-3a42ccc7=\"\">\n<th class=\"is-small content is-marginless is-clear-grey has-text-weight-bold\" data-v-3a42ccc7=\"\">Taille de l&rsquo;\u00e9cran<\/th>\n<td data-v-3a42ccc7=\"\">35,6 cm<\/td>\n<\/tr>\n<tr class=\"feature column is-3-desktop is-3-tablet is-6-mobile\" data-v-3a42ccc7=\"\">\n<th class=\"is-small content is-marginless is-clear-grey has-text-weight-bold\" data-v-3a42ccc7=\"\">R\u00e9solution de l&rsquo;\u00e9cran<\/th>\n<td data-v-3a42ccc7=\"\">1920 x 1080 pixels<\/td>\n<\/tr>\n<tr class=\"feature column is-3-desktop is-3-tablet is-6-mobile\" data-v-3a42ccc7=\"\">\n<th class=\"is-small content is-marginless is-clear-grey has-text-weight-bold\" data-v-3a42ccc7=\"\">\u00c9cran tactile<\/th>\n<td data-v-3a42ccc7=\"\">Non<\/td>\n<\/tr>\n<tr class=\"feature column is-3-desktop is-3-tablet is-6-mobile\" data-v-3a42ccc7=\"\">\n<th class=\"is-small content is-marginless is-clear-grey has-text-weight-bold\" data-v-3a42ccc7=\"\">Type HD<\/th>\n<td data-v-3a42ccc7=\"\">Full HD<\/td>\n<\/tr>\n<tr class=\"feature column is-3-desktop is-3-tablet is-6-mobile\" data-v-3a42ccc7=\"\">\n<th class=\"is-small content is-marginless is-clear-grey has-text-weight-bold\" data-v-3a42ccc7=\"\">Type de panneau<\/th>\n<td data-v-3a42ccc7=\"\">TN<\/td>\n<\/tr>\n<tr class=\"feature column is-3-desktop is-3-tablet is-6-mobile\" data-v-3a42ccc7=\"\">\n<th class=\"is-small content is-marginless is-clear-grey has-text-weight-bold\" data-v-3a42ccc7=\"\">R\u00e9tro\u00e9clairage \u00e0 LED<\/th>\n<td data-v-3a42ccc7=\"\">Oui<\/td>\n<\/tr>\n<tr class=\"feature column is-3-desktop is-3-tablet is-6-mobile\" data-v-3a42ccc7=\"\">\n<th class=\"is-small content is-marginless is-clear-grey has-text-weight-bold\" data-v-3a42ccc7=\"\">Format d&rsquo;image<\/th>\n<td data-v-3a42ccc7=\"\">16:9<\/td>\n<\/tr>\n<tr class=\"feature column is-3-desktop is-3-tablet is-6-mobile\" data-v-3a42ccc7=\"\">\n<th class=\"is-small content is-marginless is-clear-grey has-text-weight-bold\" data-v-3a42ccc7=\"\">\u00c9cran antireflet<\/th>\n<td data-v-3a42ccc7=\"\">Oui<\/td>\n<\/tr>\n<tr class=\"feature column is-3-desktop is-3-tablet is-6-mobile\" data-v-3a42ccc7=\"\">\n<th class=\"is-small content is-marginless is-clear-grey has-text-weight-bold\" data-v-3a42ccc7=\"\">Luminosit\u00e9 de l&rsquo;\u00e9cran<\/th>\n<td data-v-3a42ccc7=\"\">250 cd\/m\u00b2<\/td>\n<\/tr>\n<\/tbody>\n<\/table>\n<table class=\"group-features c-box\" data-v-3a42ccc7=\"\">\n<tbody class=\"columns is-multiline is-mobile\" data-v-3a42ccc7=\"\">\n<tr class=\"feature column is-3-desktop is-3-tablet is-6-mobile\" data-v-3a42ccc7=\"\">\n<th class=\"is-small content is-marginless is-clear-grey has-text-weight-bold\" data-v-3a42ccc7=\"\">Famille de processeur<\/th>\n<td data-v-3a42ccc7=\"\">Intel\u00ae Core\u2122 i3<\/td>\n<\/tr>\n<tr class=\"feature column is-3-desktop is-3-tablet is-6-mobile\" data-v-3a42ccc7=\"\">\n<th class=\"is-small content is-marginless is-clear-grey has-text-weight-bold\" data-v-3a42ccc7=\"\">Fabricant de processeur<\/th>\n<td data-v-3a42ccc7=\"\">Intel<\/td>\n<\/tr>\n<tr class=\"feature column is-3-desktop is-3-tablet is-6-mobile\" data-v-3a42ccc7=\"\">\n<th class=\"is-small content is-marginless is-clear-grey has-text-weight-bold\" data-v-3a42ccc7=\"\">Mod\u00e8le de processeur<\/th>\n<td data-v-3a42ccc7=\"\">i3-1315U<\/td>\n<\/tr>\n<tr class=\"feature column is-3-desktop is-3-tablet is-6-mobile\" data-v-3a42ccc7=\"\">\n<th class=\"is-small content is-marginless is-clear-grey has-text-weight-bold\" data-v-3a42ccc7=\"\">G\u00e9n\u00e9ration de processeurs<\/th>\n<td data-v-3a42ccc7=\"\">Intel Core i3-13xxx<\/td>\n<\/tr>\n<tr class=\"feature column is-3-desktop is-3-tablet is-6-mobile\" data-v-3a42ccc7=\"\">\n<th class=\"is-small content is-marginless is-clear-grey has-text-weight-bold\" data-v-3a42ccc7=\"\">Nombre de coeurs de processeurs<\/th>\n<td data-v-3a42ccc7=\"\">6<\/td>\n<\/tr>\n<tr class=\"feature column is-3-desktop is-3-tablet is-6-mobile\" data-v-3a42ccc7=\"\">\n<th class=\"is-small content is-marginless is-clear-grey has-text-weight-bold\" data-v-3a42ccc7=\"\">Nombre de threads du processeur<\/th>\n<td data-v-3a42ccc7=\"\">8<\/td>\n<\/tr>\n<tr class=\"feature column is-3-desktop is-3-tablet is-6-mobile\" data-v-3a42ccc7=\"\">\n<th class=\"is-small content is-marginless is-clear-grey has-text-weight-bold\" data-v-3a42ccc7=\"\">Fr\u00e9quence du processeur Turbo<\/th>\n<td data-v-3a42ccc7=\"\">4,5 GHz<\/td>\n<\/tr>\n<tr class=\"feature column is-3-desktop is-3-tablet is-6-mobile\" data-v-3a42ccc7=\"\">\n<th class=\"is-small content is-marginless is-clear-grey has-text-weight-bold\" data-v-3a42ccc7=\"\">C\u0153urs de performance<\/th>\n<td data-v-3a42ccc7=\"\">2<\/td>\n<\/tr>\n<tr class=\"feature column is-3-desktop is-3-tablet is-6-mobile\" data-v-3a42ccc7=\"\">\n<th class=\"is-small content is-marginless is-clear-grey has-text-weight-bold\" data-v-3a42ccc7=\"\">C\u0153urs efficaces<\/th>\n<td data-v-3a42ccc7=\"\">4<\/td>\n<\/tr>\n<tr class=\"feature column is-3-desktop is-3-tablet is-6-mobile\" data-v-3a42ccc7=\"\">\n<th class=\"is-small content is-marginless is-clear-grey has-text-weight-bold\" data-v-3a42ccc7=\"\">Fr\u00e9quence Turbo maximale des Performance-cores<\/th>\n<td data-v-3a42ccc7=\"\">4,5 GHz<\/td>\n<\/tr>\n<tr class=\"feature column is-3-desktop is-3-tablet is-6-mobile\" data-v-3a42ccc7=\"\">\n<th class=\"is-small content is-marginless is-clear-grey has-text-weight-bold\" data-v-3a42ccc7=\"\">Fr\u00e9quence Turbo maximale des Effcient-cores<\/th>\n<td data-v-3a42ccc7=\"\">3,3 GHz<\/td>\n<\/tr>\n<tr class=\"feature column is-3-desktop is-3-tablet is-6-mobile\" data-v-3a42ccc7=\"\">\n<th class=\"is-small content is-marginless is-clear-grey has-text-weight-bold\" data-v-3a42ccc7=\"\">M\u00e9moire cache du processeur<\/th>\n<td data-v-3a42ccc7=\"\">10 Mo<\/td>\n<\/tr>\n<tr class=\"feature column is-3-desktop is-3-tablet is-6-mobile\" data-v-3a42ccc7=\"\">\n<th class=\"is-small content is-marginless is-clear-grey has-text-weight-bold\" data-v-3a42ccc7=\"\">Type de cache de processeur<\/th>\n<td data-v-3a42ccc7=\"\">Smart Cache<\/td>\n<\/tr>\n<tr class=\"feature column is-3-desktop is-3-tablet is-6-mobile\" data-v-3a42ccc7=\"\">\n<th class=\"is-small content is-marginless is-clear-grey has-text-weight-bold\" data-v-3a42ccc7=\"\">Puissance de base du processeur<\/th>\n<td data-v-3a42ccc7=\"\">15 W<\/td>\n<\/tr>\n<tr class=\"feature column is-3-desktop is-3-tablet is-6-mobile\" data-v-3a42ccc7=\"\">\n<th class=\"is-small content is-marginless is-clear-grey has-text-weight-bold\" data-v-3a42ccc7=\"\">Puissance maximum du turbo<\/th>\n<td data-v-3a42ccc7=\"\">55 W<\/td>\n<\/tr>\n<\/tbody>\n<\/table>\n<table class=\"group-features c-box\" data-v-3a42ccc7=\"\">\n<tbody class=\"columns is-multiline is-mobile\" data-v-3a42ccc7=\"\">\n<tr class=\"feature column is-3-desktop is-3-tablet is-6-mobile\" data-v-3a42ccc7=\"\">\n<th class=\"is-small content is-marginless is-clear-grey has-text-weight-bold\" data-v-3a42ccc7=\"\">Capacit\u00e9 totale de stockage<\/th>\n<td data-v-3a42ccc7=\"\">256 Go<\/td>\n<\/tr>\n<tr class=\"feature column is-3-desktop is-3-tablet is-6-mobile\" data-v-3a42ccc7=\"\">\n<th class=\"is-small content is-marginless is-clear-grey has-text-weight-bold\" data-v-3a42ccc7=\"\">Supports de stockage<\/th>\n<td data-v-3a42ccc7=\"\">SSD<\/td>\n<\/tr>\n<tr class=\"feature column is-3-desktop is-3-tablet is-6-mobile\" data-v-3a42ccc7=\"\">\n<th class=\"is-small content is-marginless is-clear-grey has-text-weight-bold\" data-v-3a42ccc7=\"\">Lecteur optique<\/th>\n<td data-v-3a42ccc7=\"\">Non<\/td>\n<\/tr>\n<tr class=\"feature column is-3-desktop is-3-tablet is-6-mobile\" data-v-3a42ccc7=\"\">\n<th class=\"is-small content is-marginless is-clear-grey has-text-weight-bold\" data-v-3a42ccc7=\"\">Capacit\u00e9 SDD totale<\/th>\n<td data-v-3a42ccc7=\"\">256 Go<\/td>\n<\/tr>\n<tr class=\"feature column is-3-desktop is-3-tablet is-6-mobile\" data-v-3a42ccc7=\"\">\n<th class=\"is-small content is-marginless is-clear-grey has-text-weight-bold\" data-v-3a42ccc7=\"\">Nombre de SSD install\u00e9s<\/th>\n<td data-v-3a42ccc7=\"\">1<\/td>\n<\/tr>\n<tr class=\"feature column is-3-desktop is-3-tablet is-6-mobile\" data-v-3a42ccc7=\"\">\n<th class=\"is-small content is-marginless is-clear-grey has-text-weight-bold\" data-v-3a42ccc7=\"\">Capacit\u00e9 du Solid State Drive (SSD)<\/th>\n<td data-v-3a42ccc7=\"\">256 Go<\/td>\n<\/tr>\n<tr class=\"feature column is-3-desktop is-3-tablet is-6-mobile\" data-v-3a42ccc7=\"\">\n<th class=\"is-small content is-marginless is-clear-grey has-text-weight-bold\" data-v-3a42ccc7=\"\">Interface du Solid State Drive (SSD)<\/th>\n<td data-v-3a42ccc7=\"\">PCI Express 4.0<\/td>\n<\/tr>\n<tr class=\"feature column is-3-desktop is-3-tablet is-6-mobile\" data-v-3a42ccc7=\"\">\n<th class=\"is-small content is-marginless is-clear-grey has-text-weight-bold\" data-v-3a42ccc7=\"\">NVMe<\/th>\n<td data-v-3a42ccc7=\"\">Oui<\/td>\n<\/tr>\n<tr class=\"feature column is-3-desktop is-3-tablet is-6-mobile\" data-v-3a42ccc7=\"\">\n<th class=\"is-small content is-marginless is-clear-grey has-text-weight-bold\" data-v-3a42ccc7=\"\">Facteur de forme SSD<\/th>\n<td data-v-3a42ccc7=\"\">M.2<\/td>\n<\/tr>\n<tr class=\"feature column is-3-desktop is-3-tablet is-6-mobile\" data-v-3a42ccc7=\"\">\n<th class=\"is-small content is-marginless is-clear-grey has-text-weight-bold\" data-v-3a42ccc7=\"\">Lecteur de cartes m\u00e9moires int\u00e9gr\u00e9<\/th>\n<td data-v-3a42ccc7=\"\">Oui<\/td>\n<\/tr>\n<tr class=\"feature column is-3-desktop is-3-tablet is-6-mobile\" data-v-3a42ccc7=\"\">\n<th class=\"is-small content is-marginless is-clear-grey has-text-weight-bold\" data-v-3a42ccc7=\"\">Cartes m\u00e9moire compatibles<\/th>\n<td data-v-3a42ccc7=\"\">SD<\/td>\n<\/tr>\n<\/tbody>\n<\/table>\n","protected":false},"excerpt":{"rendered":"<div class=\"b_gwaHeroWrapper\">\n<div class=\"b_gwaBody\">\n<div class=\"b_gwaText\" role=\"contentinfo\"><strong>Lenovo IdeaPad Slim 3 14IRU8<\/strong>\u00a0| Intel Core i3 i3-<strong>1315U<\/strong>\u00a0| 14&Prime; 1920&#215;1080 TN |\u00a0<strong>256GB<\/strong> SSD M.2 | 8GB LPDDR5-SDRAM | Intel UHD Graphics | FREE DOS<\/div>\n<\/div>\n<\/div>\n","protected":false},"featured_media":12895,"template":"","meta":[],"product_brand":[],"product_cat":[299],"product_tag":[],"class_list":{"0":"post-12894","1":"product","2":"type-product","3":"status-publish","4":"has-post-thumbnail","6":"product_cat-ordinateurs-portables","8":"first","9":"instock","10":"taxable","11":"shipping-taxable","12":"purchasable","13":"product-type-simple"},"_links":{"self":[{"href":"https:\/\/maisonmpi.com\/shop\/wp-json\/wp\/v2\/product\/12894","targetHints":{"allow":["GET"]}}],"collection":[{"href":"https:\/\/maisonmpi.com\/shop\/wp-json\/wp\/v2\/product"}],"about":[{"href":"https:\/\/maisonmpi.com\/shop\/wp-json\/wp\/v2\/types\/product"}],"version-history":[{"count":1,"href":"https:\/\/maisonmpi.com\/shop\/wp-json\/wp\/v2\/product\/12894\/revisions"}],"predecessor-version":[{"id":12896,"href":"https:\/\/maisonmpi.com\/shop\/wp-json\/wp\/v2\/product\/12894\/revisions\/12896"}],"wp:featuredmedia":[{"embeddable":true,"href":"https:\/\/maisonmpi.com\/shop\/wp-json\/wp\/v2\/media\/12895"}],"wp:attachment":[{"href":"https:\/\/maisonmpi.com\/shop\/wp-json\/wp\/v2\/media?parent=12894"}],"wp:term":[{"taxonomy":"product_brand","embeddable":true,"href":"https:\/\/maisonmpi.com\/shop\/wp-json\/wp\/v2\/product_brand?post=12894"},{"taxonomy":"product_cat","embeddable":true,"href":"https:\/\/maisonmpi.com\/shop\/wp-json\/wp\/v2\/product_cat?post=12894"},{"taxonomy":"product_tag","embeddable":true,"href":"https:\/\/maisonmpi.com\/shop\/wp-json\/wp\/v2\/product_tag?post=12894"}],"curies":[{"name":"wp","href":"https:\/\/api.w.org\/{rel}","templated":true}]}}